{"id":3840,"date":"2026-03-30T09:03:05","date_gmt":"2026-03-30T09:03:05","guid":{"rendered":"https:\/\/www.spiegol.pl\/?post_type=product&#038;p=3840"},"modified":"2026-04-19T16:27:13","modified_gmt":"2026-04-19T16:27:13","slug":"dostep-wspieracz-1-os-na-1-msc","status":"publish","type":"product","link":"https:\/\/www.spiegol.pl\/?product=dostep-wspieracz-1-os-na-1-msc","title":{"rendered":"Dost\u0119p WSPIERACZ &#8211; 1 os na 1 msc"},"content":{"rendered":"<p>Dost\u0119p na Serwer Spiegola na okres 1 miesi\u0105ca.<\/p>\n<p>Dost\u0119p ten nadaje graczowi rang\u0119 WSPIERACZ, kt\u00f3ra daje:<br \/>\n&#8211; specjalny kit do odebrania,<br \/>\n&#8211; niebieski kolor przed nickiem,<br \/>\n&#8211; w\u0142asne zwierz\u0105tko,<br \/>\n&#8211; wyb\u00f3r cz\u0105steczek wok\u00f3\u0142 siebie,<br \/>\n&#8211; questy specjalne,<br \/>\n&#8211; strefa.<\/p>\n<p>W polu <strong>NOTATKI DO ZAM\u00d3WIENIA wpisz NICK<\/strong> jaki ma by\u0107 dodany na serwer. Pami\u0119taj, \u017ce NICK musi by\u0107 zgodny z Twoim nickiem w Minecrafcie (PAMI\u0118TAJ, \u017ce wielko\u015b\u0107 liter ma znaczenie).<\/p>\n<p>Je\u015bli chcesz otrzyma\u0107 faktur\u0119, koniecznie podaj numer NIP w polu &#8222;Notatki do zam\u00f3wienia&#8221; (p\u00f3\u017aniejsze wystawienie faktury nie b\u0119dzie mo\u017cliwe).<\/p>\n<p>Gdyby\u015b mia\u0142 jakie\u015b problemy z do\u0142\u0105czeniem do serwera to koniecznie wejd\u017a na nasz DISCORD &#8211; https:\/\/discord.com\/invite\/8BrMCwq8gV i oznacz @Arde lub @Szkogis &#8211; to nasi technicy, kt\u00f3rzy zawsze szybko pomagaj\u0105.<\/p>\n<p><strong>WYSY\u0141KA ONLINE:<\/strong> Zostaniesz dodany na whitelist jak najszybciej (maksymalnie 24h od zaksi\u0119gowania wp\u0142aty). W mailu z zam\u00f3wieniem znajdziesz <strong>LINK do serwera oraz INSTRUKCJ\u0118 VIDEO jak na niego wej\u015b\u0107.<\/strong><\/p>\n<p>Kupuj\u0105c produkt akceptujesz Regulamin Serwera, Regulamin sklepu i Polityk\u0119 Prywatno\u015bci.<\/p>\n","protected":false},"excerpt":{"rendered":"<p>Dost\u0119p na Serwer Spiegola na okres 1 miesi\u0105ca. Dost\u0119p ten nadaje graczowi rang\u0119 WSPIERACZ, kt\u00f3ra daje: &#8211; specjalny kit do odebrania, &#8211; niebieski kolor przed nickiem, &#8211; w\u0142asne zwierz\u0105tko, &#8211; wyb\u00f3r cz\u0105steczek wok\u00f3\u0142 siebie, &#8211; questy specjalne, &#8211; strefa. W polu NOTATKI DO ZAM\u00d3WIENIA wpisz NICK jaki ma by\u0107 dodany na serwer. Pami\u0119taj, \u017ce NICK [&hellip;]<\/p>\n","protected":false},"featured_media":3843,"comment_status":"open","ping_status":"closed","template":"","meta":[],"product_cat":[35],"product_tag":[],"_links":{"self":[{"href":"https:\/\/www.spiegol.pl\/index.php?rest_route=\/wp\/v2\/product\/3840"}],"collection":[{"href":"https:\/\/www.spiegol.pl\/index.php?rest_route=\/wp\/v2\/product"}],"about":[{"href":"https:\/\/www.spiegol.pl\/index.php?rest_route=\/wp\/v2\/types\/product"}],"replies":[{"embeddable":true,"href":"https:\/\/www.spiegol.pl\/index.php?rest_route=%2Fwp%2Fv2%2Fcomments&post=3840"}],"wp:featuredmedia":[{"embeddable":true,"href":"https:\/\/www.spiegol.pl\/index.php?rest_route=\/wp\/v2\/media\/3843"}],"wp:attachment":[{"href":"https:\/\/www.spiegol.pl\/index.php?rest_route=%2Fwp%2Fv2%2Fmedia&parent=3840"}],"wp:term":[{"taxonomy":"product_cat","embeddable":true,"href":"https:\/\/www.spiegol.pl\/index.php?rest_route=%2Fwp%2Fv2%2Fproduct_cat&post=3840"},{"taxonomy":"product_tag","embeddable":true,"href":"https:\/\/www.spiegol.pl\/index.php?rest_route=%2Fwp%2Fv2%2Fproduct_tag&post=3840"}],"curies":[{"name":"wp","href":"https:\/\/api.w.org\/{rel}","templated":true}]}}